{"id":15393,"date":"2025-03-28T10:19:21","date_gmt":"2025-03-28T10:19:21","guid":{"rendered":"https:\/\/www.graf-business-consulting.com\/?page_id=15393"},"modified":"2025-05-05T16:29:48","modified_gmt":"2025-05-05T16:29:48","slug":"imprint","status":"publish","type":"page","link":"https:\/\/www.graf-business-consulting.com\/de\/imprint\/","title":{"rendered":"Impressum"},"content":{"rendered":"<div data-elementor-type=\"wp-page\" data-elementor-id=\"15393\" class=\"elementor elementor-15393\">\n\t\t\t\t<div data-particle_enable=\"false\" data-particle-mobile-disabled=\"false\" class=\"elementor-element elementor-element-322ff36 e-con-full e-flex e-con e-parent\" data-id=\"322ff36\" data-element_type=\"container\" data-e-type=\"container\" data-settings=\"{&quot;background_background&quot;:&quot;classic&quot;}\">\n\t\t<div data-particle_enable=\"false\" data-particle-mobile-disabled=\"false\" class=\"elementor-element elementor-element-ed6bc11 e-con-full e-flex e-con e-child\" data-id=\"ed6bc11\" data-element_type=\"container\" data-e-type=\"container\">\n\t\t\t\t<div class=\"elementor-element elementor-element-8fbbe52 elementor-widget elementor-widget-the7-heading\" data-id=\"8fbbe52\" data-element_type=\"widget\" data-e-type=\"widget\" data-widget_type=\"the7-heading.default\">\n\t\t\t\t<div class=\"elementor-widget-container\">\n\t\t\t\t\t<h2 class=\"the7-heading-title elementor-size-default\">Impressum<\/h2>\t\t\t\t<\/div>\n\t\t\t\t<\/div>\n\t\t\t\t<\/div>\n\t\t<div data-particle_enable=\"false\" data-particle-mobile-disabled=\"false\" class=\"elementor-element elementor-element-ca25b74 e-con-full e-flex e-con e-child\" data-id=\"ca25b74\" data-element_type=\"container\" data-e-type=\"container\">\n\t\t\t\t<div class=\"elementor-element elementor-element-03a9cff elementor-widget elementor-widget-text-editor\" data-id=\"03a9cff\" data-element_type=\"widget\" data-e-type=\"widget\" data-widget_type=\"text-editor.default\">\n\t\t\t\t<div class=\"elementor-widget-container\">\n\t\t\t\t\t\t\t\t\t\n<h2 class=\"wp-block-heading\"><strong>Angaben gem\u00e4\u00df \u00a7 5 TMG:<\/strong><\/h2>\n\n<p>GBC Business Consulting<br \/>Eichrodtstra\u00dfe 1<br \/>79117 Freiburg<\/p>\n\n<p>info(at)<a href=\"https:\/\/www.graf-business-consulting.com\/de\/\" target=\"_blank\" rel=\"noreferrer noopener\">graf-business-consulting.com<\/a><\/p>\n\n<p><strong>Haftung f\u00fcr Inhalte<\/strong><br \/>As service providers, we are liable for own contents of these websites according to Sec. 7, paragraph 1 German Telemedia Act (TMG). However, according to Sec. 8 to 10 German Telemedia Act (TMG), service providers are not obligated to permanently monitor submitted or stored information or to search for evidences that indicate illegal activities.<br \/>Als Diensteanbieter sind wir gem\u00e4\u00df \u00a7 7 Abs.1 TMG f\u00fcr eigene Inhalte auf diesen Seiten nach den allgemeinen Gesetzen verantwortlich. Nach \u00a7\u00a7 8 bis 10 TMG sind wir als Diensteanbieter jedoch nicht verpflichtet, \u00fcbermittelte oder gespeicherte fremde Informationen zu \u00fcberwachen oder nach Umst\u00e4nden zu forschen, die auf eine rechtswidrige T\u00e4tigkeit hinweisen.\nVerpflichtungen zur Entfernung oder Sperrung der Nutzung von Informationen nach den allgemeinen Gesetzen bleiben hiervon unber\u00fchrt. Eine diesbez\u00fcgliche Haftung ist jedoch erst ab dem Zeitpunkt der Kenntnis einer konkreten Rechtsverletzung m\u00f6glich. Bei Bekanntwerden von entsprechenden Rechtsverletzungen werden wir diese Inhalte umgehend entfernen.<\/p>\n\n<p><strong>Haftung f\u00fcr Links<\/strong><br \/>Unser Angebot enth\u00e4lt Links zu externen Websites Dritter, auf deren Inhalte wir keinen Einfluss haben. Deshalb k\u00f6nnen wir f\u00fcr diese fremden Inhalte auch keine Gew\u00e4hr \u00fcbernehmen. F\u00fcr die Inhalte der verlinkten Seiten ist stets der jeweilige Anbieter oder Betreiber der Seiten verantwortlich. Die verlinkten Seiten wurden zum Zeitpunkt der Verlinkung auf m\u00f6gliche Rechtsverst\u00f6\u00dfe \u00fcberpr\u00fcft. Rechtswidrige Inhalte waren zum Zeitpunkt der Verlinkung nicht erkennbar.\nEine permanente inhaltliche Kontrolle der verlinkten Seiten ist jedoch ohne konkrete Anhaltspunkte einer Rechtsverletzung nicht zumutbar. Bei Bekanntwerden von Rechtsverletzungen werden wir derartige Links umgehend entfernen.<br \/>The linked websites had been checked for possible violations of law at the time of the establishment of the link. Illegal contents were not detected at the time of the linking. A permanent monitoring of the contents of linked websites cannot be imposed without reasonable indications that there has been a violation of law. Illegal links will be removed immediately at the time we get knowledge of them.<\/p>\n\n<p><strong>Urheberrecht<\/strong><br \/>Die durch die Seitenbetreiber erstellten Inhalte und Werke auf diesen Seiten unterliegen dem deutschen Urheberrecht. Die Vervielf\u00e4ltigung, Bearbeitung, Verbreitung und jede Art der Verwertung au\u00dferhalb der Grenzen des Urheberrechtes bed\u00fcrfen der schriftlichen Zustimmung des jeweiligen Autors bzw. Erstellers. Downloads und Kopien dieser Seite sind nur f\u00fcr den privaten, nicht kommerziellen Gebrauch gestattet. Soweit die Inhalte auf dieser Seite nicht vom Betreiber erstellt wurden, werden die Urheberrechte Dritter beachtet. Insbesondere werden Inhalte Dritter als solche gekennzeichnet. Sollten Sie trotzdem auf eine Urheberrechtsverletzung aufmerksam werden, bitten wir um einen entsprechenden Hinweis. Bei Bekanntwerden von Rechtsverletzungen werden wir derartige Inhalte umgehend entfernen.<\/p>\n\t\t\t\t\t\t\t\t<\/div>\n\t\t\t\t<\/div>\n\t\t\t\t<\/div>\n\t\t\t\t<\/div>\n\t\t\t\t<\/div>","protected":false},"excerpt":{"rendered":"<p>IMPRINT Information provided according to Sec. 5 Digital Services Act (DDG): GBC Business ConsultingEichrodtstra\u00dfe 179117 Freiburg info(at)graf-business-consulting.com Liability for ContentsAs service providers, we are liable for own contents of these websites according to Sec. 7, paragraph 1 German Telemedia Act (TMG). However, according to Sec. 8 to 10 German Telemedia Act (TMG), service providers are&hellip;<\/p>","protected":false},"author":2,"featured_media":0,"parent":0,"menu_order":0,"comment_status":"closed","ping_status":"closed","template":"elementor_header_footer","meta":{"footnotes":""},"class_list":["post-15393","page","type-page","status-publish","hentry"],"yoast_head":"<!-- This site is optimized with the Yoast SEO plugin v26.8 - https:\/\/yoast.com\/product\/yoast-seo-wordpress\/ -->\n<title>Imprint - GBC - GRAF BUSINESS CONSULTING<\/title>\n<meta name=\"robots\" content=\"index, follow, max-snippet:-1, max-image-preview:large, max-video-preview:-1\" \/>\n<link rel=\"canonical\" href=\"https:\/\/www.graf-business-consulting.com\/de\/imprint\/\" \/>\n<meta property=\"og:locale\" content=\"de_DE\" \/>\n<meta property=\"og:type\" content=\"article\" \/>\n<meta property=\"og:title\" content=\"Imprint - GBC - GRAF BUSINESS CONSULTING\" \/>\n<meta property=\"og:description\" content=\"IMPRINT Information provided according to Sec. 5 Digital Services Act (DDG): GBC Business ConsultingEichrodtstra\u00dfe 179117 Freiburg info(at)graf-business-consulting.com Liability for ContentsAs service providers, we are liable for own contents of these websites according to Sec. 7, paragraph 1 German Telemedia Act (TMG). However, according to Sec. 8 to 10 German Telemedia Act (TMG), service providers are&hellip;\" \/>\n<meta property=\"og:url\" content=\"https:\/\/www.graf-business-consulting.com\/de\/imprint\/\" \/>\n<meta property=\"og:site_name\" content=\"GBC - GRAF BUSINESS CONSULTING\" \/>\n<meta property=\"article:modified_time\" content=\"2025-05-05T16:29:48+00:00\" \/>\n<meta name=\"twitter:card\" content=\"summary_large_image\" \/>\n<meta name=\"twitter:label1\" content=\"Gesch\u00e4tzte Lesezeit\" \/>\n\t<meta name=\"twitter:data1\" content=\"2\u00a0Minuten\" \/>\n<script type=\"application\/ld+json\" class=\"yoast-schema-graph\">{\"@context\":\"https:\/\/schema.org\",\"@graph\":[{\"@type\":\"WebPage\",\"@id\":\"https:\/\/www.graf-business-consulting.com\/imprint\/\",\"url\":\"https:\/\/www.graf-business-consulting.com\/imprint\/\",\"name\":\"Imprint - GBC - GRAF BUSINESS CONSULTING\",\"isPartOf\":{\"@id\":\"https:\/\/www.graf-business-consulting.com\/#website\"},\"datePublished\":\"2025-03-28T10:19:21+00:00\",\"dateModified\":\"2025-05-05T16:29:48+00:00\",\"breadcrumb\":{\"@id\":\"https:\/\/www.graf-business-consulting.com\/imprint\/#breadcrumb\"},\"inLanguage\":\"de\",\"potentialAction\":[{\"@type\":\"ReadAction\",\"target\":[\"https:\/\/www.graf-business-consulting.com\/imprint\/\"]}]},{\"@type\":\"BreadcrumbList\",\"@id\":\"https:\/\/www.graf-business-consulting.com\/imprint\/#breadcrumb\",\"itemListElement\":[{\"@type\":\"ListItem\",\"position\":1,\"name\":\"Startseite\",\"item\":\"https:\/\/www.graf-business-consulting.com\/\"},{\"@type\":\"ListItem\",\"position\":2,\"name\":\"Imprint\"}]},{\"@type\":\"WebSite\",\"@id\":\"https:\/\/www.graf-business-consulting.com\/#website\",\"url\":\"https:\/\/www.graf-business-consulting.com\/\",\"name\":\"GBC - GRAF BUSINESS CONSULTING\",\"description\":\"\",\"potentialAction\":[{\"@type\":\"SearchAction\",\"target\":{\"@type\":\"EntryPoint\",\"urlTemplate\":\"https:\/\/www.graf-business-consulting.com\/?s={search_term_string}\"},\"query-input\":{\"@type\":\"PropertyValueSpecification\",\"valueRequired\":true,\"valueName\":\"search_term_string\"}}],\"inLanguage\":\"de\"}]}<\/script>\n<!-- \/ Yoast SEO plugin. -->","yoast_head_json":{"title":"Imprint - GBC - GRAF BUSINESS CONSULTING","robots":{"index":"index","follow":"follow","max-snippet":"max-snippet:-1","max-image-preview":"max-image-preview:large","max-video-preview":"max-video-preview:-1"},"canonical":"https:\/\/www.graf-business-consulting.com\/de\/imprint\/","og_locale":"de_DE","og_type":"article","og_title":"Imprint - GBC - GRAF BUSINESS CONSULTING","og_description":"IMPRINT Information provided according to Sec. 5 Digital Services Act (DDG): GBC Business ConsultingEichrodtstra\u00dfe 179117 Freiburg info(at)graf-business-consulting.com Liability for ContentsAs service providers, we are liable for own contents of these websites according to Sec. 7, paragraph 1 German Telemedia Act (TMG). However, according to Sec. 8 to 10 German Telemedia Act (TMG), service providers are&hellip;","og_url":"https:\/\/www.graf-business-consulting.com\/de\/imprint\/","og_site_name":"GBC - GRAF BUSINESS CONSULTING","article_modified_time":"2025-05-05T16:29:48+00:00","twitter_card":"summary_large_image","twitter_misc":{"Gesch\u00e4tzte Lesezeit":"2\u00a0Minuten"},"schema":{"@context":"https:\/\/schema.org","@graph":[{"@type":"WebPage","@id":"https:\/\/www.graf-business-consulting.com\/imprint\/","url":"https:\/\/www.graf-business-consulting.com\/imprint\/","name":"Imprint - GBC - GRAF BUSINESS CONSULTING","isPartOf":{"@id":"https:\/\/www.graf-business-consulting.com\/#website"},"datePublished":"2025-03-28T10:19:21+00:00","dateModified":"2025-05-05T16:29:48+00:00","breadcrumb":{"@id":"https:\/\/www.graf-business-consulting.com\/imprint\/#breadcrumb"},"inLanguage":"de","potentialAction":[{"@type":"ReadAction","target":["https:\/\/www.graf-business-consulting.com\/imprint\/"]}]},{"@type":"BreadcrumbList","@id":"https:\/\/www.graf-business-consulting.com\/imprint\/#breadcrumb","itemListElement":[{"@type":"ListItem","position":1,"name":"Startseite","item":"https:\/\/www.graf-business-consulting.com\/"},{"@type":"ListItem","position":2,"name":"Imprint"}]},{"@type":"WebSite","@id":"https:\/\/www.graf-business-consulting.com\/#website","url":"https:\/\/www.graf-business-consulting.com\/","name":"GBC - GRAF BUSINESS CONSULTING","description":"","potentialAction":[{"@type":"SearchAction","target":{"@type":"EntryPoint","urlTemplate":"https:\/\/www.graf-business-consulting.com\/?s={search_term_string}"},"query-input":{"@type":"PropertyValueSpecification","valueRequired":true,"valueName":"search_term_string"}}],"inLanguage":"de"}]}},"_links":{"self":[{"href":"https:\/\/www.graf-business-consulting.com\/de\/wp-json\/wp\/v2\/pages\/15393","targetHints":{"allow":["GET"]}}],"collection":[{"href":"https:\/\/www.graf-business-consulting.com\/de\/wp-json\/wp\/v2\/pages"}],"about":[{"href":"https:\/\/www.graf-business-consulting.com\/de\/wp-json\/wp\/v2\/types\/page"}],"author":[{"embeddable":true,"href":"https:\/\/www.graf-business-consulting.com\/de\/wp-json\/wp\/v2\/users\/2"}],"replies":[{"embeddable":true,"href":"https:\/\/www.graf-business-consulting.com\/de\/wp-json\/wp\/v2\/comments?post=15393"}],"version-history":[{"count":20,"href":"https:\/\/www.graf-business-consulting.com\/de\/wp-json\/wp\/v2\/pages\/15393\/revisions"}],"predecessor-version":[{"id":15576,"href":"https:\/\/www.graf-business-consulting.com\/de\/wp-json\/wp\/v2\/pages\/15393\/revisions\/15576"}],"wp:attachment":[{"href":"https:\/\/www.graf-business-consulting.com\/de\/wp-json\/wp\/v2\/media?parent=15393"}],"curies":[{"name":"wp","href":"https:\/\/api.w.org\/{rel}","templated":true}]}}